{"id":2379,"date":"2022-07-11T12:07:28","date_gmt":"2022-07-11T12:07:28","guid":{"rendered":"http:\/\/tplabs.co\/agrios\/?page_id=2379"},"modified":"2026-02-20T15:41:41","modified_gmt":"2026-02-20T15:41:41","slug":"about","status":"publish","type":"page","link":"https:\/\/androprest.com\/?page_id=2379","title":{"rendered":"About"},"content":{"rendered":"\t\t<div data-elementor-type=\"wp-page\" data-elementor-id=\"2379\" class=\"elementor elementor-2379\">\n\t\t\t\t\t\t<section class=\"elementor-section elementor-top-section elementor-element elementor-element-7b460a2 elementor-section-boxed elementor-section-height-default elementor-section-height-default\" data-id=\"7b460a2\" data-element_type=\"section\" data-e-type=\"section\">\n\t\t\t\t\t\t<div class=\"elementor-container elementor-column-gap-no\">\n\t\t\t\t\t<div class=\"elementor-column elementor-col-100 elementor-top-column elementor-element elementor-element-3b80ef6\" data-id=\"3b80ef6\" data-element_type=\"column\" data-e-type=\"column\">\n\t\t\t<div class=\"elementor-widget-wrap elementor-element-populated\">\n\t\t\t\t\t\t<div class=\"elementor-element elementor-element-2be430a elementor-widget elementor-widget-spacer\" data-id=\"2be430a\" data-element_type=\"widget\" data-e-type=\"widget\" data-widget_type=\"spacer.default\">\n\t\t\t\t\t\t\t<div class=\"elementor-spacer\">\n\t\t\t<div class=\"elementor-spacer-inner\"><\/div>\n\t\t<\/div>\n\t\t\t\t\t\t<\/div>\n\t\t\t\t<section class=\"elementor-section elementor-inner-section elementor-element elementor-element-7f78d03 elementor-section-boxed elementor-section-height-default elementor-section-height-default\" data-id=\"7f78d03\" data-element_type=\"section\" data-e-type=\"section\">\n\t\t\t\t\t\t<div class=\"elementor-container elementor-column-gap-default\">\n\t\t\t\t\t<div class=\"elementor-column elementor-col-50 elementor-inner-column elementor-element elementor-element-1710066\" data-id=\"1710066\" data-element_type=\"column\" data-e-type=\"column\">\n\t\t\t<div class=\"elementor-widget-wrap elementor-element-populated\">\n\t\t\t\t\t\t<div class=\"elementor-element elementor-element-bd39f35 image-width-fit elementor-widget elementor-widget-mae-gallery-stack\" data-id=\"bd39f35\" data-element_type=\"widget\" data-e-type=\"widget\" data-widget_type=\"mae-gallery-stack.default\">\n\t\t\t\t<div class=\"elementor-widget-container\">\n\t\t\t\t\t\t\t<div class=\"master-gallery-stack\">\n\t\t\t<div class=\"master-fancy-image elementor-repeater-item-b257372\" data-top=\"0px\" data-calcHeight=\"no\">\n\t\t\t\t\t\t\t\t\t\t<div class=\"image-wrap\"><img fetchpriority=\"high\" decoding=\"async\" width=\"908\" height=\"1040\" src=\"https:\/\/androprest.com\/wp-content\/uploads\/2026\/02\/IMG-20250414-WA0019-1.jpg\" class=\"attachment-full size-full\" alt=\"\" srcset=\"https:\/\/androprest.com\/wp-content\/uploads\/2026\/02\/IMG-20250414-WA0019-1.jpg 908w, https:\/\/androprest.com\/wp-content\/uploads\/2026\/02\/IMG-20250414-WA0019-1-262x300.jpg 262w, https:\/\/androprest.com\/wp-content\/uploads\/2026\/02\/IMG-20250414-WA0019-1-894x1024.jpg 894w, https:\/\/androprest.com\/wp-content\/uploads\/2026\/02\/IMG-20250414-WA0019-1-768x880.jpg 768w, https:\/\/androprest.com\/wp-content\/uploads\/2026\/02\/IMG-20250414-WA0019-1-600x687.jpg 600w\" sizes=\"(max-width: 908px) 100vw, 908px\" \/><\/div>\n\t\t\t\t\t\t\t\t\t<\/div><div class=\"master-fancy-image master-animation elementor-repeater-item-b88236e\" data-top=\"0px\" data-animation=\"fadeInUpSmall\" data-calcHeight=\"no\">\n\t\t\t\t\t\t\t\t\t<div class=\"image-wrap\"><\/div>\n\t\t\t\t\t\t\t\t<\/div><div class=\"master-shape master-animation elementor-repeater-item-df02c7c\" data-animation=\"fadeInUpLeft\"><\/div>\t\t<\/div>\n\t    \t\t\t\t<\/div>\n\t\t\t\t<\/div>\n\t\t\t\t\t<\/div>\n\t\t<\/div>\n\t\t\t\t<div class=\"elementor-column elementor-col-50 elementor-inner-column elementor-element elementor-element-9614b3f\" data-id=\"9614b3f\" data-element_type=\"column\" data-e-type=\"column\">\n\t\t\t<div class=\"elementor-widget-wrap elementor-element-populated\">\n\t\t\t\t\t\t<div class=\"elementor-element elementor-element-9264400 heading-default elementor-widget elementor-widget-mae-headings\" data-id=\"9264400\" data-element_type=\"widget\" data-e-type=\"widget\" data-widget_type=\"mae-headings.default\">\n\t\t\t\t<div class=\"elementor-widget-container\">\n\t\t\t\t\t\t\t<div class=\"master-heading sep-none\">\n\t\t\t\t        \t        \t<div class=\"pre-heading\"><span class=\"line\"><span class=\"inner\"><\/span><\/span>Despre Androprest<\/div>\n\t        \n\t        \n\t        \t        <h2 class=\"main-heading\">Servicii agricole profesionale, bazate pe experien\u021b\u0103 real\u0103<\/h2>\n\t        \n\t        \n\t        \t    <\/div>\n\t    \t\t\t\t<\/div>\n\t\t\t\t<\/div>\n\t\t\t\t<div class=\"elementor-element elementor-element-2ab64be elementor-widget elementor-widget-heading\" data-id=\"2ab64be\" data-element_type=\"widget\" data-e-type=\"widget\" data-widget_type=\"heading.default\">\n\t\t\t\t\t<h2 class=\"elementor-heading-title elementor-size-default\">Specialitatea noastr\u0103 este silozul, dar oferim o gam\u0103 complet\u0103 de servicii agricole, de la lucr\u0103rile de baz\u0103 p\u00e2n\u0103 la recoltare \u0219i procesare.\n<\/h2>\t\t\t\t<\/div>\n\t\t\t\t<div class=\"elementor-element elementor-element-0d7adbc elementor-widget elementor-widget-text-editor\" data-id=\"0d7adbc\" data-element_type=\"widget\" data-e-type=\"widget\" data-widget_type=\"text-editor.default\">\n\t\t\t\t\t\t\t\t\t<p>De peste 7 ani, Androprest ofer\u0103 servicii agricole \u00een toat\u0103 regiunea Moldovei, folosind utilaje performante \u0219i echipe dedicate. Dispunem de dou\u0103 echipe specializate pentru lucr\u0103rile de siloz, utilaje moderne pentru crimping, arat \u0219i administrarea \u00eengr\u0103\u0219\u0103mintelor naturale, precum \u0219i capacitatea de a acoperi rapid suprafe\u021be mari. Ne concentr\u0103m pe calitate, seriozitate \u0219i rezultate care ajut\u0103 fermierii s\u0103 ob\u021bin\u0103 performan\u021b\u0103 real\u0103.<\/p>\t\t\t\t\t\t\t\t<\/div>\n\t\t\t\t<div class=\"elementor-element elementor-element-ce532e4 icon-default elementor-widget elementor-widget-mae-list\" data-id=\"ce532e4\" data-element_type=\"widget\" data-e-type=\"widget\" data-widget_type=\"mae-list.default\">\n\t\t\t\t<div class=\"elementor-widget-container\">\n\t\t\t\t\t\n\t\t<div class=\"master-list\">\n\t\t\t\t\t\t\t<div class=\"master-icon-text list-item\">\n\t\t\t        <div class=\"icon-wrap\">\n\t\t\t\t        <i aria-hidden=\"true\" class=\"ci ci-check1\"><\/i>\t\t\t        <\/div> \n\n\t\t\t        <div class=\"content-wrap\">\n\t\t\t            Dou\u0103 echipe dedicate lucr\u0103rilor de siloz \u0219i transport\t\t\t        <\/div>\n\t\t\t    <\/div>\n\t\t    \t\t\t\t<div class=\"master-icon-text list-item\">\n\t\t\t        <div class=\"icon-wrap\">\n\t\t\t\t        <i aria-hidden=\"true\" class=\"ci ci-check1\"><\/i>\t\t\t        <\/div> \n\n\t\t\t        <div class=\"content-wrap\">\n\t\t\t            Peste 5 ani de experien\u021b\u0103 \u00een servicii agricole profesionale\t\t\t        <\/div>\n\t\t\t    <\/div>\n\t\t    \t\t\t\t<div class=\"master-icon-text list-item\">\n\t\t\t        <div class=\"icon-wrap\">\n\t\t\t\t        <i aria-hidden=\"true\" class=\"ci ci-check1\"><\/i>\t\t\t        <\/div> \n\n\t\t\t        <div class=\"content-wrap\">\n\t\t\t            Acoperire extins\u0103: Suceava, Boto\u0219ani, Ia\u0219i, Neam\u021b, Bac\u0103u, Vaslui, Vrancea \u0219i Gala\u021bi\t\t\t        <\/div>\n\t\t\t    <\/div>\n\t\t    \t\t<\/div>\n\t\t\t\t\t<\/div>\n\t\t\t\t<\/div>\n\t\t\t\t\t<\/div>\n\t\t<\/div>\n\t\t\t\t\t<\/div>\n\t\t<\/section>\n\t\t\t\t<div class=\"elementor-element elementor-element-8dd3585 elementor-widget elementor-widget-spacer\" data-id=\"8dd3585\" data-element_type=\"widget\" data-e-type=\"widget\" data-widget_type=\"spacer.default\">\n\t\t\t\t\t\t\t<div class=\"elementor-spacer\">\n\t\t\t<div class=\"elementor-spacer-inner\"><\/div>\n\t\t<\/div>\n\t\t\t\t\t\t<\/div>\n\t\t\t\t\t<\/div>\n\t\t<\/div>\n\t\t\t\t\t<\/div>\n\t\t<\/section>\n\t\t\t\t<section class=\"elementor-section elementor-top-section elementor-element elementor-element-a8bd459 elementor-section-full_width elementor-section-stretched light-animation right elementor-section-height-default elementor-section-height-default\" data-id=\"a8bd459\" data-element_type=\"section\" data-e-type=\"section\" data-settings=\"{&quot;stretch_section&quot;:&quot;section-stretched&quot;,&quot;background_background&quot;:&quot;classic&quot;}\">\n\t\t\t\t\t\t<div class=\"elementor-container elementor-column-gap-no\">\n\t\t\t\t\t<div class=\"elementor-column elementor-col-100 elementor-top-column elementor-element elementor-element-356c093\" data-id=\"356c093\" data-element_type=\"column\" data-e-type=\"column\">\n\t\t\t<div class=\"elementor-widget-wrap elementor-element-populated\">\n\t\t\t\t\t\t<div class=\"elementor-element elementor-element-617339f elementor-widget elementor-widget-spacer\" data-id=\"617339f\" data-element_type=\"widget\" data-e-type=\"widget\" data-widget_type=\"spacer.default\">\n\t\t\t\t\t\t\t<div class=\"elementor-spacer\">\n\t\t\t<div class=\"elementor-spacer-inner\"><\/div>\n\t\t<\/div>\n\t\t\t\t\t\t<\/div>\n\t\t\t\t<div class=\"elementor-element elementor-element-e12c4d6 align-center elementor-widget elementor-widget-mae-video-icon\" data-id=\"e12c4d6\" data-element_type=\"widget\" data-e-type=\"widget\" data-widget_type=\"mae-video-icon.default\">\n\t\t\t\t<div class=\"elementor-widget-container\">\n\t\t\t\t\t\t\t<div class=\"master-video-icon\">\n\t\t\t<div class=\"btn-inner\">\n\t\t        <a aria-label=\"video\" class=\"btn-play popup-video elementor-animation-pulse-shrink\" \n\t\t        \t\t        href=\"https:\/\/www.tiktok.com\/@andro.prest?_r=1&#038;_t=ZN-945AU8a1GXW\">\n\t\t        \t<i class=\"ci-play-button\"><\/i>\n\n\t\t        \t\t\t        \t<span class=\"p p1\"><\/span>\n\t\t\t\t\t<span class=\"p p2\"><\/span>\n\t\t\t\t\t\t\t        <\/a>\n\t        <\/div>\n\t        \t    <\/div>\n\t    \t\t\t\t<\/div>\n\t\t\t\t<\/div>\n\t\t\t\t<div class=\"elementor-element elementor-element-88a8301 align-center heading-default elementor-widget elementor-widget-mae-headings\" data-id=\"88a8301\" data-element_type=\"widget\" data-e-type=\"widget\" data-widget_type=\"mae-headings.default\">\n\t\t\t\t<div class=\"elementor-widget-container\">\n\t\t\t\t\t\t\t<div class=\"master-heading sep-none\">\n\t\t\t\t        \n\t        \n\t        \t        <h2 class=\"main-heading\">Urm\u0103re\u0219te pagina noastr\u0103 de TikTok pentru a vedea activitatea noastr\u0103 zilnic\u0103<\/h2>\n\t        \n\t        \n\t        \t    <\/div>\n\t    \t\t\t\t<\/div>\n\t\t\t\t<\/div>\n\t\t\t\t<div class=\"elementor-element elementor-element-424eba5 elementor-widget elementor-widget-spacer\" data-id=\"424eba5\" data-element_type=\"widget\" data-e-type=\"widget\" data-widget_type=\"spacer.default\">\n\t\t\t\t\t\t\t<div class=\"elementor-spacer\">\n\t\t\t<div class=\"elementor-spacer-inner\"><\/div>\n\t\t<\/div>\n\t\t\t\t\t\t<\/div>\n\t\t\t\t\t<\/div>\n\t\t<\/div>\n\t\t\t\t\t<\/div>\n\t\t<\/section>\n\t\t\t\t<section class=\"elementor-section elementor-top-section elementor-element elementor-element-712695a elementor-section-full_width elementor-section-stretched elementor-section-height-default elementor-section-height-default\" data-id=\"712695a\" data-element_type=\"section\" data-e-type=\"section\" data-settings=\"{&quot;stretch_section&quot;:&quot;section-stretched&quot;,&quot;background_background&quot;:&quot;classic&quot;}\">\n\t\t\t\t\t\t<div class=\"elementor-container elementor-column-gap-no\">\n\t\t\t\t\t<div class=\"elementor-column elementor-col-100 elementor-top-column elementor-element elementor-element-c7b742a\" data-id=\"c7b742a\" data-element_type=\"column\" data-e-type=\"column\">\n\t\t\t<div class=\"elementor-widget-wrap elementor-element-populated\">\n\t\t\t\t\t\t<div class=\"elementor-element elementor-element-4975d9f elementor-widget elementor-widget-spacer\" data-id=\"4975d9f\" data-element_type=\"widget\" data-e-type=\"widget\" data-widget_type=\"spacer.default\">\n\t\t\t\t\t\t\t<div class=\"elementor-spacer\">\n\t\t\t<div class=\"elementor-spacer-inner\"><\/div>\n\t\t<\/div>\n\t\t\t\t\t\t<\/div>\n\t\t\t\t<section class=\"elementor-section elementor-inner-section elementor-element elementor-element-14c8e33 elementor-section-boxed elementor-section-height-default elementor-section-height-default\" data-id=\"14c8e33\" data-element_type=\"section\" data-e-type=\"section\">\n\t\t\t\t\t\t<div class=\"elementor-container elementor-column-gap-default\">\n\t\t\t\t\t<div class=\"elementor-column elementor-col-25 elementor-inner-column elementor-element elementor-element-2411a6f\" data-id=\"2411a6f\" data-element_type=\"column\" data-e-type=\"column\">\n\t\t\t<div class=\"elementor-widget-wrap elementor-element-populated\">\n\t\t\t\t\t\t<div class=\"elementor-element elementor-element-2b3ecc3 align-center icon-separator icon-position-top elementor-widget elementor-widget-mae-counter\" data-id=\"2b3ecc3\" data-element_type=\"widget\" data-e-type=\"widget\" data-widget_type=\"mae-counter.default\">\n\t\t\t\t<div class=\"elementor-widget-container\">\n\t\t\t\t\t\t\t<div class=\"master-counter\" data-format=\"separator\">\n\t\t\t\t\t\t\t<div class=\"icon-wrap\">\n\t\t\t        <div class=\"master-icon\">\n\t                    <i aria-hidden=\"true\" class=\"agi agi-wheat-sack\"><\/i>\t                <\/div>\n\t\t        <\/div>\n\t\t    \n\t\t\t<div class=\"inner\">\n\t\t\t\t<div class=\"number-wrap\">\n\t\t\t\t\t<span class=\"number\" data-to=\"10000\" data-time= \"2000\"><\/span>\n\t\t\t\t\t\t\t\t\t<\/div>\n\n\t\t\t\t<span class=\"title\">Hectare Tocate<\/span>\t\t\t<\/div>\n\n\t\t\t\t    <\/div>\n\t    \t\t\t\t<\/div>\n\t\t\t\t<\/div>\n\t\t\t\t\t<\/div>\n\t\t<\/div>\n\t\t\t\t<div class=\"elementor-column elementor-col-25 elementor-inner-column elementor-element elementor-element-e64581d\" data-id=\"e64581d\" data-element_type=\"column\" data-e-type=\"column\">\n\t\t\t<div class=\"elementor-widget-wrap elementor-element-populated\">\n\t\t\t\t\t\t<div class=\"elementor-element elementor-element-cc153e0 align-center icon-separator icon-position-top elementor-widget elementor-widget-mae-counter\" data-id=\"cc153e0\" data-element_type=\"widget\" data-e-type=\"widget\" data-widget_type=\"mae-counter.default\">\n\t\t\t\t<div class=\"elementor-widget-container\">\n\t\t\t\t\t\t\t<div class=\"master-counter\" data-format=\"separator\">\n\t\t\t\t\t\t\t<div class=\"icon-wrap\">\n\t\t\t        <div class=\"master-icon\">\n\t                    <i aria-hidden=\"true\" class=\"agi agi-tractor-3\"><\/i>\t                <\/div>\n\t\t        <\/div>\n\t\t    \n\t\t\t<div class=\"inner\">\n\t\t\t\t<div class=\"number-wrap\">\n\t\t\t\t\t<span class=\"number\" data-to=\"6000\" data-time= \"2000\"><\/span>\n\t\t\t\t\t\t\t\t\t<\/div>\n\n\t\t\t\t<span class=\"title\">Hectare Semanate<\/span>\t\t\t<\/div>\n\n\t\t\t\t    <\/div>\n\t    \t\t\t\t<\/div>\n\t\t\t\t<\/div>\n\t\t\t\t\t<\/div>\n\t\t<\/div>\n\t\t\t\t<div class=\"elementor-column elementor-col-25 elementor-inner-column elementor-element elementor-element-3096c63\" data-id=\"3096c63\" data-element_type=\"column\" data-e-type=\"column\">\n\t\t\t<div class=\"elementor-widget-wrap elementor-element-populated\">\n\t\t\t\t\t\t<div class=\"elementor-element elementor-element-3ac4398 align-center icon-separator icon-position-top elementor-widget elementor-widget-mae-counter\" data-id=\"3ac4398\" data-element_type=\"widget\" data-e-type=\"widget\" data-widget_type=\"mae-counter.default\">\n\t\t\t\t<div class=\"elementor-widget-container\">\n\t\t\t\t\t\t\t<div class=\"master-counter\" data-format=\"separator\">\n\t\t\t\t\t\t\t<div class=\"icon-wrap\">\n\t\t\t        <div class=\"master-icon\">\n\t                    <i aria-hidden=\"true\" class=\"agi agi-farmer\"><\/i>\t                <\/div>\n\t\t        <\/div>\n\t\t    \n\t\t\t<div class=\"inner\">\n\t\t\t\t<div class=\"number-wrap\">\n\t\t\t\t\t<span class=\"number\" data-to=\"5500\" data-time= \"2000\"><\/span>\n\t\t\t\t\t\t\t\t\t<\/div>\n\n\t\t\t\t<span class=\"title\">Hectare Pregatit Pat Germenativ<\/span>\t\t\t<\/div>\n\n\t\t\t\t    <\/div>\n\t    \t\t\t\t<\/div>\n\t\t\t\t<\/div>\n\t\t\t\t\t<\/div>\n\t\t<\/div>\n\t\t\t\t<div class=\"elementor-column elementor-col-25 elementor-inner-column elementor-element elementor-element-8077091\" data-id=\"8077091\" data-element_type=\"column\" data-e-type=\"column\">\n\t\t\t<div class=\"elementor-widget-wrap elementor-element-populated\">\n\t\t\t\t\t\t<div class=\"elementor-element elementor-element-c8ebf8e align-center icon-separator icon-position-top elementor-widget elementor-widget-mae-counter\" data-id=\"c8ebf8e\" data-element_type=\"widget\" data-e-type=\"widget\" data-widget_type=\"mae-counter.default\">\n\t\t\t\t<div class=\"elementor-widget-container\">\n\t\t\t\t\t\t\t<div class=\"master-counter\" data-format=\"separator\">\n\t\t\t\t\t\t\t<div class=\"icon-wrap\">\n\t\t\t        <div class=\"master-icon\">\n\t                    <i aria-hidden=\"true\" class=\"agi agi-tractor\"><\/i>\t                <\/div>\n\t\t        <\/div>\n\t\t    \n\t\t\t<div class=\"inner\">\n\t\t\t\t<div class=\"number-wrap\">\n\t\t\t\t\t<span class=\"number\" data-to=\"4000\" data-time= \"2000\"><\/span>\n\t\t\t\t\t\t\t\t\t<\/div>\n\n\t\t\t\t<span class=\"title\">Hectare Arate<\/span>\t\t\t<\/div>\n\n\t\t\t\t    <\/div>\n\t    \t\t\t\t<\/div>\n\t\t\t\t<\/div>\n\t\t\t\t\t<\/div>\n\t\t<\/div>\n\t\t\t\t\t<\/div>\n\t\t<\/section>\n\t\t\t\t<div class=\"elementor-element elementor-element-d2716f3 elementor-widget elementor-widget-spacer\" data-id=\"d2716f3\" data-element_type=\"widget\" data-e-type=\"widget\" data-widget_type=\"spacer.default\">\n\t\t\t\t\t\t\t<div class=\"elementor-spacer\">\n\t\t\t<div class=\"elementor-spacer-inner\"><\/div>\n\t\t<\/div>\n\t\t\t\t\t\t<\/div>\n\t\t\t\t<div class=\"elementor-element elementor-element-74a732d align-left elementor-absolute image-width-full elementor-widget elementor-widget-mae-gallery-stack\" data-id=\"74a732d\" data-element_type=\"widget\" data-e-type=\"widget\" data-settings=\"{&quot;_position&quot;:&quot;absolute&quot;}\" data-widget_type=\"mae-gallery-stack.default\">\n\t\t\t\t<div class=\"elementor-widget-container\">\n\t\t\t\t\t\t\t<div class=\"master-gallery-stack\">\n\t\t\t<div class=\"master-fancy-image elementor-repeater-item-74de82a\" data-top=\"0px\" data-parallax='{\"x\" : 0, \"y\" : -50, \"smoothness\" : 30}' data-calcHeight=\"no\">\n\t\t\t\t\t\t\t\t\t<div class=\"image-wrap\"><img decoding=\"async\" width=\"449\" height=\"314\" src=\"https:\/\/androprest.com\/wp-content\/uploads\/2022\/07\/vegetables-01.webp\" class=\"attachment-full size-full\" alt=\"\" srcset=\"https:\/\/androprest.com\/wp-content\/uploads\/2022\/07\/vegetables-01.webp 449w, https:\/\/androprest.com\/wp-content\/uploads\/2022\/07\/vegetables-01-300x210.webp 300w\" sizes=\"(max-width: 449px) 100vw, 449px\" \/><\/div>\n\t\t\t\t\t\t\t\t<\/div>\t\t<\/div>\n\t    \t\t\t\t<\/div>\n\t\t\t\t<\/div>\n\t\t\t\t\t<\/div>\n\t\t<\/div>\n\t\t\t\t\t<\/div>\n\t\t<\/section>\n\t\t\t\t<section class=\"elementor-section elementor-top-section elementor-element elementor-element-ba033b3 elementor-section-stretched elementor-section-boxed elementor-section-height-default elementor-section-height-default\" data-id=\"ba033b3\" data-element_type=\"section\" data-e-type=\"section\" data-settings=\"{&quot;stretch_section&quot;:&quot;section-stretched&quot;,&quot;background_background&quot;:&quot;classic&quot;}\">\n\t\t\t\t\t\t<div class=\"elementor-container elementor-column-gap-default\">\n\t\t\t\t\t<div class=\"elementor-column elementor-col-100 elementor-top-column elementor-element elementor-element-6f1d250\" data-id=\"6f1d250\" data-element_type=\"column\" data-e-type=\"column\">\n\t\t\t<div class=\"elementor-widget-wrap\">\n\t\t\t\t\t\t\t<\/div>\n\t\t<\/div>\n\t\t\t\t\t<\/div>\n\t\t<\/section>\n\t\t\t\t<section class=\"elementor-section elementor-top-section elementor-element elementor-element-f1c02fe elementor-section-full_width elementor-section-stretched elementor-section-height-default elementor-section-height-default\" data-id=\"f1c02fe\" data-element_type=\"section\" data-e-type=\"section\" data-settings=\"{&quot;stretch_section&quot;:&quot;section-stretched&quot;,&quot;background_background&quot;:&quot;classic&quot;}\">\n\t\t\t\t\t\t<div class=\"elementor-container elementor-column-gap-no\">\n\t\t\t\t\t<div class=\"elementor-column elementor-col-100 elementor-top-column elementor-element elementor-element-7d02c13\" data-id=\"7d02c13\" data-element_type=\"column\" data-e-type=\"column\">\n\t\t\t<div class=\"elementor-widget-wrap elementor-element-populated\">\n\t\t\t\t\t\t<div class=\"elementor-element elementor-element-f0350a5 align-right elementor-absolute elementor-hidden-tablet elementor-hidden-mobile image-width-full elementor-widget elementor-widget-mae-gallery-stack\" data-id=\"f0350a5\" data-element_type=\"widget\" data-e-type=\"widget\" data-settings=\"{&quot;_position&quot;:&quot;absolute&quot;}\" data-widget_type=\"mae-gallery-stack.default\">\n\t\t\t\t<div class=\"elementor-widget-container\">\n\t\t\t\t\t\t\t<div class=\"master-gallery-stack\">\n\t\t\t<div class=\"master-fancy-image elementor-repeater-item-5f2cbc1\" data-top=\"0px\" data-parallax='{\"x\" : -30, \"y\" : 0, \"smoothness\" : 30}' data-calcHeight=\"no\">\n\t\t\t\t\t\t\t\t\t<div class=\"image-wrap\"><img decoding=\"async\" width=\"455\" height=\"299\" src=\"https:\/\/androprest.com\/wp-content\/uploads\/2022\/07\/line-01.webp\" class=\"attachment-full size-full\" alt=\"\" srcset=\"https:\/\/androprest.com\/wp-content\/uploads\/2022\/07\/line-01.webp 455w, https:\/\/androprest.com\/wp-content\/uploads\/2022\/07\/line-01-300x197.webp 300w\" sizes=\"(max-width: 455px) 100vw, 455px\" \/><\/div>\n\t\t\t\t\t\t\t\t<\/div>\t\t<\/div>\n\t    \t\t\t\t<\/div>\n\t\t\t\t<\/div>\n\t\t\t\t<div class=\"elementor-element elementor-element-b4cc3e1 align-left elementor-absolute elementor-hidden-tablet elementor-hidden-mobile image-width-full elementor-widget elementor-widget-mae-gallery-stack\" data-id=\"b4cc3e1\" data-element_type=\"widget\" data-e-type=\"widget\" data-settings=\"{&quot;_position&quot;:&quot;absolute&quot;}\" data-widget_type=\"mae-gallery-stack.default\">\n\t\t\t\t<div class=\"elementor-widget-container\">\n\t\t\t\t\t\t\t<div class=\"master-gallery-stack\">\n\t\t\t<div class=\"master-fancy-image elementor-repeater-item-5f2cbc1\" data-top=\"0px\" data-parallax='{\"x\" : 30, \"y\" : 0, \"smoothness\" : 30}' data-calcHeight=\"no\">\n\t\t\t\t\t\t\t\t\t<div class=\"image-wrap\"><img loading=\"lazy\" decoding=\"async\" width=\"545\" height=\"121\" src=\"https:\/\/androprest.com\/wp-content\/uploads\/2022\/07\/line-02.webp\" class=\"attachment-full size-full\" alt=\"\" srcset=\"https:\/\/androprest.com\/wp-content\/uploads\/2022\/07\/line-02.webp 545w, https:\/\/androprest.com\/wp-content\/uploads\/2022\/07\/line-02-300x67.webp 300w\" sizes=\"(max-width: 545px) 100vw, 545px\" \/><\/div>\n\t\t\t\t\t\t\t\t<\/div>\t\t<\/div>\n\t    \t\t\t\t<\/div>\n\t\t\t\t<\/div>\n\t\t\t\t<section class=\"elementor-section elementor-inner-section elementor-element elementor-element-3ccb371 elementor-section-boxed elementor-section-height-default elementor-section-height-default\" data-id=\"3ccb371\" data-element_type=\"section\" data-e-type=\"section\">\n\t\t\t\t\t\t<div class=\"elementor-container elementor-column-gap-default\">\n\t\t\t\t\t<div class=\"elementor-column elementor-col-100 elementor-inner-column elementor-element elementor-element-b2ff8f1\" data-id=\"b2ff8f1\" data-element_type=\"column\" data-e-type=\"column\">\n\t\t\t<div class=\"elementor-widget-wrap\">\n\t\t\t\t\t\t\t<\/div>\n\t\t<\/div>\n\t\t\t\t\t<\/div>\n\t\t<\/section>\n\t\t\t\t\t<\/div>\n\t\t<\/div>\n\t\t\t\t\t<\/div>\n\t\t<\/section>\n\t\t\t\t<\/div>\n\t\t\n    <div class=\"xs_social_share_widget xs_share_url after_content \t\tmain_content  wslu-style-1 wslu-share-box-shaped wslu-fill-colored wslu-none wslu-share-horizontal wslu-theme-font-no wslu-main_content\">\n\n\t\t\n        <ul>\n\t\t\t        <\/ul>\n    <\/div> \n","protected":false},"excerpt":{"rendered":"<p>Despre Androprest Servicii agricole profesionale, bazate pe experien\u021b\u0103 real\u0103 Specialitatea noastr\u0103 este silozul, dar oferim o gam\u0103 complet\u0103 de servicii agricole, de la lucr\u0103rile de baz\u0103 p\u00e2n\u0103 la recoltare \u0219i procesare. De peste 7 ani, Androprest ofer\u0103 servicii agricole \u00een toat\u0103 regiunea Moldovei, folosind utilaje performante \u0219i echipe dedicate. Dispunem<\/p>\n","protected":false},"author":1,"featured_media":0,"parent":0,"menu_order":0,"comment_status":"closed","ping_status":"closed","template":"","meta":{"inline_featured_image":false,"footnotes":""},"class_list":["post-2379","page","type-page","status-publish","hentry"],"_links":{"self":[{"href":"https:\/\/androprest.com\/index.php?rest_route=\/wp\/v2\/pages\/2379","targetHints":{"allow":["GET"]}}],"collection":[{"href":"https:\/\/androprest.com\/index.php?rest_route=\/wp\/v2\/pages"}],"about":[{"href":"https:\/\/androprest.com\/index.php?rest_route=\/wp\/v2\/types\/page"}],"author":[{"embeddable":true,"href":"https:\/\/androprest.com\/index.php?rest_route=\/wp\/v2\/users\/1"}],"replies":[{"embeddable":true,"href":"https:\/\/androprest.com\/index.php?rest_route=%2Fwp%2Fv2%2Fcomments&post=2379"}],"version-history":[{"count":5,"href":"https:\/\/androprest.com\/index.php?rest_route=\/wp\/v2\/pages\/2379\/revisions"}],"predecessor-version":[{"id":3311,"href":"https:\/\/androprest.com\/index.php?rest_route=\/wp\/v2\/pages\/2379\/revisions\/3311"}],"wp:attachment":[{"href":"https:\/\/androprest.com\/index.php?rest_route=%2Fwp%2Fv2%2Fmedia&parent=2379"}],"curies":[{"name":"wp","href":"https:\/\/api.w.org\/{rel}","templated":true}]}}